{"id":5958,"date":"2024-02-26T13:54:22","date_gmt":"2024-02-26T12:54:22","guid":{"rendered":"https:\/\/gs.sailrs.dev\/?page_id=5958"},"modified":"2024-04-16T15:58:46","modified_gmt":"2024-04-16T14:58:46","slug":"elementor-5958","status":"publish","type":"page","link":"https:\/\/www.gsgmbh.net\/en\/elementor-5958\/","title":{"rendered":"Exchangeable Currency"},"content":{"rendered":"<div data-elementor-type=\"wp-page\" data-elementor-id=\"5958\" class=\"elementor elementor-5958\" data-elementor-post-type=\"page\">\n\t\t\t\t<div class=\"elementor-element elementor-element-31c600e e-flex e-con-boxed e-con e-parent\" data-id=\"31c600e\" data-element_type=\"container\">\n\t\t\t\t\t<div class=\"e-con-inner\">\n\t\t\t\t<div class=\"elementor-element elementor-element-6737be0 elementor-widget elementor-widget-heading\" data-id=\"6737be0\" data-element_type=\"widget\" data-widget_type=\"heading.default\">\n\t\t\t\t<div class=\"elementor-widget-container\">\n\t\t\t<style>\/*! elementor - v3.21.0 - 18-04-2024 *\/\n.elementor-heading-title{padding:0;margin:0;line-height:1}.elementor-widget-heading .elementor-heading-title[class*=elementor-size-]>a{color:inherit;font-size:inherit;line-height:inherit}.elementor-widget-heading .elementor-heading-title.elementor-size-small{font-size:15px}.elementor-widget-heading .elementor-heading-title.elementor-size-medium{font-size:19px}.elementor-widget-heading .elementor-heading-title.elementor-size-large{font-size:29px}.elementor-widget-heading .elementor-heading-title.elementor-size-xl{font-size:39px}.elementor-widget-heading .elementor-heading-title.elementor-size-xxl{font-size:59px}<\/style><h2 class=\"elementor-heading-title elementor-size-default\">Currency Converter<\/h2>\t\t<\/div>\n\t\t\t\t<\/div>\n\t\t\t\t<div class=\"elementor-element elementor-element-eacb199 elementor-widget elementor-widget-text-editor\" data-id=\"eacb199\" data-element_type=\"widget\" data-widget_type=\"text-editor.default\">\n\t\t\t\t<div class=\"elementor-widget-container\">\n\t\t\t<style>\/*! elementor - v3.21.0 - 18-04-2024 *\/\n.elementor-widget-text-editor.elementor-drop-cap-view-stacked .elementor-drop-cap{background-color:#69727d;color:#fff}.elementor-widget-text-editor.elementor-drop-cap-view-framed .elementor-drop-cap{color:#69727d;border:3px solid;background-color:transparent}.elementor-widget-text-editor:not(.elementor-drop-cap-view-default) .elementor-drop-cap{margin-top:8px}.elementor-widget-text-editor:not(.elementor-drop-cap-view-default) .elementor-drop-cap-letter{width:1em;height:1em}.elementor-widget-text-editor .elementor-drop-cap{float:left;text-align:center;line-height:1;font-size:50px}.elementor-widget-text-editor .elementor-drop-cap-letter{display:inline-block}<\/style>\t\t\t\t<p>We pay out the listed exchange rates, free of charge.<br \/>Click on any currency name or exchange rate to find out more!\u00a0<\/p>\t\t\t\t\t\t<\/div>\n\t\t\t\t<\/div>\n\t\t\t\t<div class=\"elementor-element elementor-element-cf8a229 elementor-widget elementor-widget-shortcode\" data-id=\"cf8a229\" data-element_type=\"widget\" data-widget_type=\"shortcode.default\">\n\t\t\t\t<div class=\"elementor-widget-container\">\n\t\t\t\t\t<div class=\"elementor-shortcode\">[CP_CALCULATED_FIELDS id=\"11\"]\n<\/div>\n\t\t\t\t<\/div>\n\t\t\t\t<\/div>\n\t\t\t\t\t<\/div>\n\t\t\t\t<\/div>\n\t\t<div class=\"elementor-element elementor-element-8e60c5a e-flex e-con-boxed e-con e-parent\" data-id=\"8e60c5a\" data-element_type=\"container\">\n\t\t\t\t\t<div class=\"e-con-inner\">\n\t\t\t\t<div class=\"elementor-element elementor-element-c807105 elementor-widget elementor-widget-heading\" data-id=\"c807105\" data-element_type=\"widget\" data-widget_type=\"heading.default\">\n\t\t\t\t<div class=\"elementor-widget-container\">\n\t\t\t<h2 class=\"elementor-heading-title elementor-size-default\">How our purchase works<\/h2>\t\t<\/div>\n\t\t\t\t<\/div>\n\t\t<div class=\"elementor-element elementor-element-cd0fcbb e-con-full e-flex e-con e-child\" data-id=\"cd0fcbb\" data-element_type=\"container\">\n\t\t<div class=\"elementor-element elementor-element-c6ad0d6 e-flex e-con-boxed e-con e-child\" data-id=\"c6ad0d6\" data-element_type=\"container\" data-settings=\"{&quot;background_background&quot;:&quot;classic&quot;}\">\n\t\t\t\t\t<div class=\"e-con-inner\">\n\t\t<div class=\"elementor-element elementor-element-35255e7 e-con-full e-flex e-con e-child\" data-id=\"35255e7\" data-element_type=\"container\" data-settings=\"{&quot;background_background&quot;:&quot;classic&quot;}\">\n\t\t\t\t<div class=\"elementor-element elementor-element-62fe932 elementor-widget__width-initial elementor-widget elementor-widget-text-editor\" data-id=\"62fe932\" data-element_type=\"widget\" data-widget_type=\"text-editor.default\">\n\t\t\t\t<div class=\"elementor-widget-container\">\n\t\t\t\t\t\t\t<p>Step 1<\/p>\t\t\t\t\t\t<\/div>\n\t\t\t\t<\/div>\n\t\t\t\t<\/div>\n\t\t\t\t<div class=\"elementor-element elementor-element-3c4e3ad elementor-widget elementor-widget-text-editor\" data-id=\"3c4e3ad\" data-element_type=\"widget\" data-widget_type=\"text-editor.default\">\n\t\t\t\t<div class=\"elementor-widget-container\">\n\t\t\t\t\t\t\t<p>Discover which currencies you can exchange and how much you get in return.<\/p>\t\t\t\t\t\t<\/div>\n\t\t\t\t<\/div>\n\t\t\t\t<div class=\"elementor-element elementor-element-343e0cd elementor-widget elementor-widget-text-editor\" data-id=\"343e0cd\" data-element_type=\"widget\" data-widget_type=\"text-editor.default\">\n\t\t\t\t<div class=\"elementor-widget-container\">\n\t\t\t\t\t\t\t<p><span style=\"text-decoration: underline;\">Click here to find out.<\/span><\/p>\t\t\t\t\t\t<\/div>\n\t\t\t\t<\/div>\n\t\t\t\t\t<\/div>\n\t\t\t\t<\/div>\n\t\t<div class=\"elementor-element elementor-element-3fb0686 e-flex e-con-boxed e-con e-child\" data-id=\"3fb0686\" data-element_type=\"container\" data-settings=\"{&quot;background_background&quot;:&quot;classic&quot;}\">\n\t\t\t\t\t<div class=\"e-con-inner\">\n\t\t<div class=\"elementor-element elementor-element-6be360c e-con-full e-flex e-con e-child\" data-id=\"6be360c\" data-element_type=\"container\" data-settings=\"{&quot;background_background&quot;:&quot;classic&quot;}\">\n\t\t\t\t<div class=\"elementor-element elementor-element-653ef26 elementor-widget__width-initial elementor-widget elementor-widget-text-editor\" data-id=\"653ef26\" data-element_type=\"widget\" data-widget_type=\"text-editor.default\">\n\t\t\t\t<div class=\"elementor-widget-container\">\n\t\t\t\t\t\t\t<p>Step 2<\/p>\t\t\t\t\t\t<\/div>\n\t\t\t\t<\/div>\n\t\t\t\t<\/div>\n\t\t\t\t<div class=\"elementor-element elementor-element-d4952fb elementor-widget elementor-widget-text-editor\" data-id=\"d4952fb\" data-element_type=\"widget\" data-widget_type=\"text-editor.default\">\n\t\t\t\t<div class=\"elementor-widget-container\">\n\t\t\t\t\t\t\t<p>List what you want to exchange by adding the items to your shopping basket.<\/p>\t\t\t\t\t\t<\/div>\n\t\t\t\t<\/div>\n\t\t\t\t\t<\/div>\n\t\t\t\t<\/div>\n\t\t<div class=\"elementor-element elementor-element-4bea07f e-flex e-con-boxed e-con e-child\" data-id=\"4bea07f\" data-element_type=\"container\" data-settings=\"{&quot;background_background&quot;:&quot;classic&quot;}\">\n\t\t\t\t\t<div class=\"e-con-inner\">\n\t\t<div class=\"elementor-element elementor-element-ec67e4e e-con-full e-flex e-con e-child\" data-id=\"ec67e4e\" data-element_type=\"container\" data-settings=\"{&quot;background_background&quot;:&quot;classic&quot;}\">\n\t\t\t\t<div class=\"elementor-element elementor-element-9484f66 elementor-widget__width-initial elementor-widget elementor-widget-text-editor\" data-id=\"9484f66\" data-element_type=\"widget\" data-widget_type=\"text-editor.default\">\n\t\t\t\t<div class=\"elementor-widget-container\">\n\t\t\t\t\t\t\t<p>Step 3<\/p>\t\t\t\t\t\t<\/div>\n\t\t\t\t<\/div>\n\t\t\t\t<\/div>\n\t\t\t\t<div class=\"elementor-element elementor-element-2776c0b elementor-widget elementor-widget-text-editor\" data-id=\"2776c0b\" data-element_type=\"widget\" data-widget_type=\"text-editor.default\">\n\t\t\t\t<div class=\"elementor-widget-container\">\n\t\t\t\t\t\t\t<p>Place your order. We will check your submission and send you the amount you can receive.<\/p>\t\t\t\t\t\t<\/div>\n\t\t\t\t<\/div>\n\t\t\t\t\t<\/div>\n\t\t\t\t<\/div>\n\t\t\t\t<\/div>\n\t\t\t\t\t<\/div>\n\t\t\t\t<\/div>\n\t\t\t\t<\/div>","protected":false},"excerpt":{"rendered":"<p>Umtauschbare-W\u00e4hrung Wir zahlen die aufgef\u00fchrten Wechselkurse kostenlos aus.Klicken Sie auf eine W\u00e4hrung oder einen Wechselkurs, um mehr zu erfahren!\u00a0 [CP_CALCULATED_FIELDS id=&#8220;11&#8243;] Wie unser Ankauf funktioniert Schritt 1 Entdecken Sie welche W\u00e4hrungen Sie umtauschen k\u00f6nnen und wieviel Sie daf\u00fcr bekommen. Klicken Sie hier, um es herauszufinden. Schritt 2 Listen Sie auf, was Sie umtauschen m\u00f6chten, indem [&hellip;]<\/p>","protected":false},"author":1,"featured_media":0,"parent":0,"menu_order":0,"comment_status":"closed","ping_status":"closed","template":"","meta":{"inline_featured_image":false,"footnotes":""},"class_list":["post-5958","page","type-page","status-publish","hentry"],"_links":{"self":[{"href":"https:\/\/www.gsgmbh.net\/en\/wp-json\/wp\/v2\/pages\/5958"}],"collection":[{"href":"https:\/\/www.gsgmbh.net\/en\/wp-json\/wp\/v2\/pages"}],"about":[{"href":"https:\/\/www.gsgmbh.net\/en\/wp-json\/wp\/v2\/types\/page"}],"author":[{"embeddable":true,"href":"https:\/\/www.gsgmbh.net\/en\/wp-json\/wp\/v2\/users\/1"}],"replies":[{"embeddable":true,"href":"https:\/\/www.gsgmbh.net\/en\/wp-json\/wp\/v2\/comments?post=5958"}],"version-history":[{"count":0,"href":"https:\/\/www.gsgmbh.net\/en\/wp-json\/wp\/v2\/pages\/5958\/revisions"}],"wp:attachment":[{"href":"https:\/\/www.gsgmbh.net\/en\/wp-json\/wp\/v2\/media?parent=5958"}],"curies":[{"name":"wp","href":"https:\/\/api.w.org\/{rel}","templated":true}]}}